{"id":998,"date":"2025-12-16T09:05:08","date_gmt":"2025-12-16T08:05:08","guid":{"rendered":"https:\/\/equilibreetharmonie.fr\/?post_type=product&#038;p=998"},"modified":"2025-12-17T16:33:36","modified_gmt":"2025-12-17T15:33:36","slug":"carte-cadeau-massage-harmonie-zen","status":"publish","type":"product","link":"https:\/\/equilibreetharmonie.fr\/index.php\/produit\/carte-cadeau-massage-harmonie-zen\/","title":{"rendered":"Carte Cadeau massage Harmonie Zen"},"content":{"rendered":"<h4 style=\"text-align: center;\">Massage Harmonie Zen<\/h4>\n<p>&nbsp;<\/p>\n<p style=\"text-align: center;\">C\u2019est un massage relaxant, et enveloppant, id\u00e9al pour les personnes fatigu\u00e9es, d\u00e9bord\u00e9es, surmen\u00e9es, stress\u00e9es. Mais aussi pour toutes celles qui ont envie d\u2019un moment pour elles. Il se pratique sur l\u2019ensemble du corps (faces post\u00e9rieure et ant\u00e9rieure, mains, pieds, visage et cr\u00e2ne)<br \/>\nCe massage apporte la d\u00e9tente musculaire, il \u00e9limine des toxines, soulage les tensions et agit comme un v\u00e9ritable anti-stress. Il am\u00e9liore \u00e9galement le sommeil.<\/p>\n<h5 style=\"text-align: center;\">Dur\u00e9e : 60 min<\/h5>\n<p>&nbsp;<\/p>\n<p>&nbsp;<\/p>\n","protected":false},"excerpt":{"rendered":"<h4 style=\"text-align: center;\">Massage Harmonie Zen<\/h4>\n<p>&nbsp;<\/p>\n<p style=\"text-align: center;\">C\u2019est un massage relaxant, et enveloppant, id\u00e9al pour les personnes fatigu\u00e9es, d\u00e9bord\u00e9es, surmen\u00e9es, stress\u00e9es. Mais aussi pour toutes celles qui ont envie d\u2019un moment pour elles. Il se pratique sur l\u2019ensemble du corps (faces post\u00e9rieure et ant\u00e9rieure, mains, pieds, visage et cr\u00e2ne)<br \/>\nCe massage apporte la d\u00e9tente musculaire, il \u00e9limine des toxines, soulage les tensions et agit comme un v\u00e9ritable anti-stress. Il am\u00e9liore \u00e9galement le sommeil.<\/p>\n<h5 style=\"text-align: center;\">Dur\u00e9e : 60 min<\/h5>\n<h3 style=\"text-align: center;\"><\/h3>\n<p>&nbsp;<\/p>\n","protected":false},"featured_media":112,"comment_status":"open","ping_status":"closed","template":"","meta":{"_kad_post_transparent":"default","_kad_post_title":"","_kad_post_layout":"default","_kad_post_sidebar_id":"","_kad_post_content_style":"default","_kad_post_vertical_padding":"default","_kad_post_feature":"","_kad_post_feature_position":"","_kad_post_header":false,"_kad_post_footer":false},"product_brand":[],"product_cat":[20],"product_tag":[],"class_list":{"0":"post-998","1":"product","2":"type-product","3":"status-publish","4":"has-post-thumbnail","6":"product_cat-massage-relaxant","8":"first","9":"instock","10":"downloadable","11":"shipping-taxable","12":"purchasable","13":"product-type-simple","14":"entry","15":"content-bg","16":"loop-entry"},"yoast_head":"<!-- This site is optimized with the Yoast SEO plugin v27.5 - https:\/\/yoast.com\/product\/yoast-seo-wordpress\/ -->\n<title>Carte Cadeau massage Harmonie Zen - Equilibre &amp; Harmonie by FD<\/title>\n<meta name=\"robots\" content=\"index, follow, max-snippet:-1, max-image-preview:large, max-video-preview:-1\" \/>\n<link rel=\"canonical\" href=\"https:\/\/equilibreetharmonie.fr\/index.php\/produit\/carte-cadeau-massage-harmonie-zen\/\" \/>\n<meta property=\"og:locale\" content=\"fr_FR\" \/>\n<meta property=\"og:type\" content=\"article\" \/>\n<meta property=\"og:title\" content=\"Carte Cadeau massage Harmonie Zen - Equilibre &amp; Harmonie by FD\" \/>\n<meta property=\"og:description\" content=\"Massage Harmonie Zen &nbsp; C\u2019est un massage relaxant, et enveloppant, id\u00e9al pour les personnes fatigu\u00e9es, d\u00e9bord\u00e9es, surmen\u00e9es, stress\u00e9es. Mais aussi pour toutes celles qui ont envie d\u2019un moment pour elles. Il se pratique sur l\u2019ensemble du corps (faces post\u00e9rieure et ant\u00e9rieure, mains, pieds, visage et cr\u00e2ne) Ce massage apporte la d\u00e9tente musculaire, il \u00e9limine des toxines, soulage les tensions et agit comme un v\u00e9ritable anti-stress. Il am\u00e9liore \u00e9galement le sommeil.  Dur\u00e9e : 60 min  &nbsp;\" \/>\n<meta property=\"og:url\" content=\"https:\/\/equilibreetharmonie.fr\/index.php\/produit\/carte-cadeau-massage-harmonie-zen\/\" \/>\n<meta property=\"og:site_name\" content=\"Equilibre &amp; Harmonie by FD\" \/>\n<meta property=\"article:modified_time\" content=\"2025-12-17T15:33:36+00:00\" \/>\n<meta property=\"og:image\" content=\"https:\/\/equilibreetharmonie.fr\/wp-content\/uploads\/2025\/04\/Harmonie-zen-1-scaled.jpg\" \/>\n\t<meta property=\"og:image:width\" content=\"2560\" \/>\n\t<meta property=\"og:image:height\" content=\"1707\" \/>\n\t<meta property=\"og:image:type\" content=\"image\/jpeg\" \/>\n<meta name=\"twitter:card\" content=\"summary_large_image\" \/>\n<meta name=\"twitter:label1\" content=\"Dur\u00e9e de lecture estim\u00e9e\" \/>\n\t<meta name=\"twitter:data1\" content=\"1 minute\" \/>\n<script type=\"application\/ld+json\" class=\"yoast-schema-graph\">{\"@context\":\"https:\\\/\\\/schema.org\",\"@graph\":[{\"@type\":\"WebPage\",\"@id\":\"https:\\\/\\\/equilibreetharmonie.fr\\\/index.php\\\/produit\\\/carte-cadeau-massage-harmonie-zen\\\/\",\"url\":\"https:\\\/\\\/equilibreetharmonie.fr\\\/index.php\\\/produit\\\/carte-cadeau-massage-harmonie-zen\\\/\",\"name\":\"Carte Cadeau massage Harmonie Zen - Equilibre &amp; Harmonie by FD\",\"isPartOf\":{\"@id\":\"https:\\\/\\\/equilibreetharmonie.fr\\\/#website\"},\"primaryImageOfPage\":{\"@id\":\"https:\\\/\\\/equilibreetharmonie.fr\\\/index.php\\\/produit\\\/carte-cadeau-massage-harmonie-zen\\\/#primaryimage\"},\"image\":{\"@id\":\"https:\\\/\\\/equilibreetharmonie.fr\\\/index.php\\\/produit\\\/carte-cadeau-massage-harmonie-zen\\\/#primaryimage\"},\"thumbnailUrl\":\"https:\\\/\\\/equilibreetharmonie.fr\\\/wp-content\\\/uploads\\\/2025\\\/04\\\/Harmonie-zen-1-scaled.jpg\",\"datePublished\":\"2025-12-16T08:05:08+00:00\",\"dateModified\":\"2025-12-17T15:33:36+00:00\",\"breadcrumb\":{\"@id\":\"https:\\\/\\\/equilibreetharmonie.fr\\\/index.php\\\/produit\\\/carte-cadeau-massage-harmonie-zen\\\/#breadcrumb\"},\"inLanguage\":\"fr-FR\",\"potentialAction\":[{\"@type\":\"ReadAction\",\"target\":[\"https:\\\/\\\/equilibreetharmonie.fr\\\/index.php\\\/produit\\\/carte-cadeau-massage-harmonie-zen\\\/\"]}]},{\"@type\":\"ImageObject\",\"inLanguage\":\"fr-FR\",\"@id\":\"https:\\\/\\\/equilibreetharmonie.fr\\\/index.php\\\/produit\\\/carte-cadeau-massage-harmonie-zen\\\/#primaryimage\",\"url\":\"https:\\\/\\\/equilibreetharmonie.fr\\\/wp-content\\\/uploads\\\/2025\\\/04\\\/Harmonie-zen-1-scaled.jpg\",\"contentUrl\":\"https:\\\/\\\/equilibreetharmonie.fr\\\/wp-content\\\/uploads\\\/2025\\\/04\\\/Harmonie-zen-1-scaled.jpg\",\"width\":2560,\"height\":1707},{\"@type\":\"BreadcrumbList\",\"@id\":\"https:\\\/\\\/equilibreetharmonie.fr\\\/index.php\\\/produit\\\/carte-cadeau-massage-harmonie-zen\\\/#breadcrumb\",\"itemListElement\":[{\"@type\":\"ListItem\",\"position\":1,\"name\":\"Accueil\",\"item\":\"https:\\\/\\\/equilibreetharmonie.fr\\\/\"},{\"@type\":\"ListItem\",\"position\":2,\"name\":\"Boutique\",\"item\":\"https:\\\/\\\/equilibreetharmonie.fr\\\/index.php\\\/boutique\\\/\"},{\"@type\":\"ListItem\",\"position\":3,\"name\":\"Carte Cadeau massage Harmonie Zen\"}]},{\"@type\":\"WebSite\",\"@id\":\"https:\\\/\\\/equilibreetharmonie.fr\\\/#website\",\"url\":\"https:\\\/\\\/equilibreetharmonie.fr\\\/\",\"name\":\"Equilibre &amp; Harmonie by FD\",\"description\":\"\",\"potentialAction\":[{\"@type\":\"SearchAction\",\"target\":{\"@type\":\"EntryPoint\",\"urlTemplate\":\"https:\\\/\\\/equilibreetharmonie.fr\\\/?s={search_term_string}\"},\"query-input\":{\"@type\":\"PropertyValueSpecification\",\"valueRequired\":true,\"valueName\":\"search_term_string\"}}],\"inLanguage\":\"fr-FR\"}]}<\/script>\n<!-- \/ Yoast SEO plugin. -->","yoast_head_json":{"title":"Carte Cadeau massage Harmonie Zen - Equilibre &amp; Harmonie by FD","robots":{"index":"index","follow":"follow","max-snippet":"max-snippet:-1","max-image-preview":"max-image-preview:large","max-video-preview":"max-video-preview:-1"},"canonical":"https:\/\/equilibreetharmonie.fr\/index.php\/produit\/carte-cadeau-massage-harmonie-zen\/","og_locale":"fr_FR","og_type":"article","og_title":"Carte Cadeau massage Harmonie Zen - Equilibre &amp; Harmonie by FD","og_description":"Massage Harmonie Zen &nbsp; C\u2019est un massage relaxant, et enveloppant, id\u00e9al pour les personnes fatigu\u00e9es, d\u00e9bord\u00e9es, surmen\u00e9es, stress\u00e9es. Mais aussi pour toutes celles qui ont envie d\u2019un moment pour elles. Il se pratique sur l\u2019ensemble du corps (faces post\u00e9rieure et ant\u00e9rieure, mains, pieds, visage et cr\u00e2ne) Ce massage apporte la d\u00e9tente musculaire, il \u00e9limine des toxines, soulage les tensions et agit comme un v\u00e9ritable anti-stress. Il am\u00e9liore \u00e9galement le sommeil.  Dur\u00e9e : 60 min  &nbsp;","og_url":"https:\/\/equilibreetharmonie.fr\/index.php\/produit\/carte-cadeau-massage-harmonie-zen\/","og_site_name":"Equilibre &amp; Harmonie by FD","article_modified_time":"2025-12-17T15:33:36+00:00","og_image":[{"width":2560,"height":1707,"url":"https:\/\/equilibreetharmonie.fr\/wp-content\/uploads\/2025\/04\/Harmonie-zen-1-scaled.jpg","type":"image\/jpeg"}],"twitter_card":"summary_large_image","twitter_misc":{"Dur\u00e9e de lecture estim\u00e9e":"1 minute"},"schema":{"@context":"https:\/\/schema.org","@graph":[{"@type":"WebPage","@id":"https:\/\/equilibreetharmonie.fr\/index.php\/produit\/carte-cadeau-massage-harmonie-zen\/","url":"https:\/\/equilibreetharmonie.fr\/index.php\/produit\/carte-cadeau-massage-harmonie-zen\/","name":"Carte Cadeau massage Harmonie Zen - Equilibre &amp; Harmonie by FD","isPartOf":{"@id":"https:\/\/equilibreetharmonie.fr\/#website"},"primaryImageOfPage":{"@id":"https:\/\/equilibreetharmonie.fr\/index.php\/produit\/carte-cadeau-massage-harmonie-zen\/#primaryimage"},"image":{"@id":"https:\/\/equilibreetharmonie.fr\/index.php\/produit\/carte-cadeau-massage-harmonie-zen\/#primaryimage"},"thumbnailUrl":"https:\/\/equilibreetharmonie.fr\/wp-content\/uploads\/2025\/04\/Harmonie-zen-1-scaled.jpg","datePublished":"2025-12-16T08:05:08+00:00","dateModified":"2025-12-17T15:33:36+00:00","breadcrumb":{"@id":"https:\/\/equilibreetharmonie.fr\/index.php\/produit\/carte-cadeau-massage-harmonie-zen\/#breadcrumb"},"inLanguage":"fr-FR","potentialAction":[{"@type":"ReadAction","target":["https:\/\/equilibreetharmonie.fr\/index.php\/produit\/carte-cadeau-massage-harmonie-zen\/"]}]},{"@type":"ImageObject","inLanguage":"fr-FR","@id":"https:\/\/equilibreetharmonie.fr\/index.php\/produit\/carte-cadeau-massage-harmonie-zen\/#primaryimage","url":"https:\/\/equilibreetharmonie.fr\/wp-content\/uploads\/2025\/04\/Harmonie-zen-1-scaled.jpg","contentUrl":"https:\/\/equilibreetharmonie.fr\/wp-content\/uploads\/2025\/04\/Harmonie-zen-1-scaled.jpg","width":2560,"height":1707},{"@type":"BreadcrumbList","@id":"https:\/\/equilibreetharmonie.fr\/index.php\/produit\/carte-cadeau-massage-harmonie-zen\/#breadcrumb","itemListElement":[{"@type":"ListItem","position":1,"name":"Accueil","item":"https:\/\/equilibreetharmonie.fr\/"},{"@type":"ListItem","position":2,"name":"Boutique","item":"https:\/\/equilibreetharmonie.fr\/index.php\/boutique\/"},{"@type":"ListItem","position":3,"name":"Carte Cadeau massage Harmonie Zen"}]},{"@type":"WebSite","@id":"https:\/\/equilibreetharmonie.fr\/#website","url":"https:\/\/equilibreetharmonie.fr\/","name":"Equilibre &amp; Harmonie by FD","description":"","potentialAction":[{"@type":"SearchAction","target":{"@type":"EntryPoint","urlTemplate":"https:\/\/equilibreetharmonie.fr\/?s={search_term_string}"},"query-input":{"@type":"PropertyValueSpecification","valueRequired":true,"valueName":"search_term_string"}}],"inLanguage":"fr-FR"}]}},"_links":{"self":[{"href":"https:\/\/equilibreetharmonie.fr\/index.php\/wp-json\/wp\/v2\/product\/998","targetHints":{"allow":["GET"]}}],"collection":[{"href":"https:\/\/equilibreetharmonie.fr\/index.php\/wp-json\/wp\/v2\/product"}],"about":[{"href":"https:\/\/equilibreetharmonie.fr\/index.php\/wp-json\/wp\/v2\/types\/product"}],"replies":[{"embeddable":true,"href":"https:\/\/equilibreetharmonie.fr\/index.php\/wp-json\/wp\/v2\/comments?post=998"}],"wp:featuredmedia":[{"embeddable":true,"href":"https:\/\/equilibreetharmonie.fr\/index.php\/wp-json\/wp\/v2\/media\/112"}],"wp:attachment":[{"href":"https:\/\/equilibreetharmonie.fr\/index.php\/wp-json\/wp\/v2\/media?parent=998"}],"wp:term":[{"taxonomy":"product_brand","embeddable":true,"href":"https:\/\/equilibreetharmonie.fr\/index.php\/wp-json\/wp\/v2\/product_brand?post=998"},{"taxonomy":"product_cat","embeddable":true,"href":"https:\/\/equilibreetharmonie.fr\/index.php\/wp-json\/wp\/v2\/product_cat?post=998"},{"taxonomy":"product_tag","embeddable":true,"href":"https:\/\/equilibreetharmonie.fr\/index.php\/wp-json\/wp\/v2\/product_tag?post=998"}],"curies":[{"name":"wp","href":"https:\/\/api.w.org\/{rel}","templated":true}]}}