{"id":996,"date":"2025-12-16T09:05:24","date_gmt":"2025-12-16T08:05:24","guid":{"rendered":"https:\/\/equilibreetharmonie.fr\/?post_type=product&#038;p=996"},"modified":"2026-01-09T16:19:58","modified_gmt":"2026-01-09T15:19:58","slug":"carte-cadeau-massage-californien","status":"publish","type":"product","link":"https:\/\/equilibreetharmonie.fr\/index.php\/produit\/carte-cadeau-massage-californien\/","title":{"rendered":"Carte cadeau massage Californien"},"content":{"rendered":"<h4 style=\"text-align: center;\">Massage Californien<\/h4>\n<p>&nbsp;<\/p>\n<p style=\"text-align: center;\">C\u2019est le massage id\u00e9al pour les personnes fatigu\u00e9es du speed quotidien !<br \/>\nMassage psycho-corporel \u00e0 part enti\u00e8re, m\u00e9ga relaxant et plein de douceur.<br \/>\nIl se pratique sur l\u2019ensemble du corps (faces post\u00e9rieure et ant\u00e9rieure, mains, pieds, visage et cr\u00e2ne) avec de grands mouvements lents et fluides, une gestuelle enveloppante, de belles harmonisations, de douces mobilisations.<br \/>\nEffectu\u00e9 avec une huile de massage \u00e0 vis\u00e9e relaxante, ses bienfaits sont multiples (lib\u00e9ration des tensions musculaires, boost de la circulation sanguine, dynamisation du syst\u00e8me lymphatique, \u00e9limination des toxines) insufflant, tr\u00e8s rapidement, une intense relaxation, un sentiment de grande d\u00e9tente et de bien-\u00eatre invitant, le receveur, \u00e0 se laisser aller dans un grand l\u00e2cher-prise physique et psychique.<\/p>\n<h4 style=\"text-align: center;\">Dur\u00e9e : 60 min<\/h4>\n<p>&nbsp;<\/p>\n<p>&nbsp;<\/p>\n","protected":false},"excerpt":{"rendered":"<h4 style=\"text-align: center;\">Massage Californien<\/h4>\n<p>&nbsp;<\/p>\n<p style=\"text-align: center;\">C\u2019est le massage id\u00e9al pour les personnes fatigu\u00e9es du speed quotidien !<br \/>\nMassage psycho-corporel \u00e0 part enti\u00e8re, m\u00e9ga relaxant et plein de douceur.<br \/>\nIl se pratique sur l\u2019ensemble du corps (faces post\u00e9rieure et ant\u00e9rieure, mains, pieds, visage et cr\u00e2ne) avec de grands mouvements lents et fluides, une gestuelle enveloppante, de belles harmonisations, de douces mobilisations.<br \/>\nEffectu\u00e9 avec une huile de massage \u00e0 vis\u00e9e relaxante, ses bienfaits sont multiples (lib\u00e9ration des tensions musculaires, boost de la circulation sanguine, dynamisation du syst\u00e8me lymphatique, \u00e9limination des toxines) insufflant, tr\u00e8s rapidement, une intense relaxation, un sentiment de grande d\u00e9tente et de bien-\u00eatre invitant, le receveur, \u00e0 se laisser aller dans un grand l\u00e2cher-prise physique et psychique.<\/p>\n<h4 style=\"text-align: center;\">Dur\u00e9e : 60 min<\/h4>\n<p>&nbsp;<\/p>\n<p>&nbsp;<\/p>\n<p>&nbsp;<\/p>\n","protected":false},"featured_media":753,"comment_status":"open","ping_status":"closed","template":"","meta":{"_kad_post_transparent":"default","_kad_post_title":"","_kad_post_layout":"default","_kad_post_sidebar_id":"","_kad_post_content_style":"default","_kad_post_vertical_padding":"default","_kad_post_feature":"","_kad_post_feature_position":"","_kad_post_header":false,"_kad_post_footer":false},"product_brand":[],"product_cat":[20],"product_tag":[],"class_list":{"0":"post-996","1":"product","2":"type-product","3":"status-publish","4":"has-post-thumbnail","6":"product_cat-massage-relaxant","8":"first","9":"instock","10":"downloadable","11":"virtual","12":"purchasable","13":"product-type-simple","14":"entry","15":"content-bg","16":"loop-entry"},"yoast_head":"<!-- This site is optimized with the Yoast SEO plugin v27.5 - https:\/\/yoast.com\/product\/yoast-seo-wordpress\/ -->\n<title>Carte cadeau massage Californien - Equilibre &amp; Harmonie by FD<\/title>\n<meta name=\"robots\" content=\"index, follow, max-snippet:-1, max-image-preview:large, max-video-preview:-1\" \/>\n<link rel=\"canonical\" href=\"https:\/\/equilibreetharmonie.fr\/index.php\/produit\/carte-cadeau-massage-californien\/\" \/>\n<meta property=\"og:locale\" content=\"fr_FR\" \/>\n<meta property=\"og:type\" content=\"article\" \/>\n<meta property=\"og:title\" content=\"Carte cadeau massage Californien - Equilibre &amp; Harmonie by FD\" \/>\n<meta property=\"og:description\" content=\"Massage Californien &nbsp; C\u2019est le massage id\u00e9al pour les personnes fatigu\u00e9es du speed quotidien ! Massage psycho-corporel \u00e0 part enti\u00e8re, m\u00e9ga relaxant et plein de douceur. Il se pratique sur l\u2019ensemble du corps (faces post\u00e9rieure et ant\u00e9rieure, mains, pieds, visage et cr\u00e2ne) avec de grands mouvements lents et fluides, une gestuelle enveloppante, de belles harmonisations, de douces mobilisations. Effectu\u00e9 avec une huile de massage \u00e0 vis\u00e9e relaxante, ses bienfaits sont multiples (lib\u00e9ration des tensions musculaires, boost de la circulation sanguine, dynamisation du syst\u00e8me lymphatique, \u00e9limination des toxines) insufflant, tr\u00e8s rapidement, une intense relaxation, un sentiment de grande d\u00e9tente et de bien-\u00eatre invitant, le receveur, \u00e0 se laisser aller dans un grand l\u00e2cher-prise physique et psychique.  Dur\u00e9e : 60 min &nbsp;  &nbsp;  &nbsp;\" \/>\n<meta property=\"og:url\" content=\"https:\/\/equilibreetharmonie.fr\/index.php\/produit\/carte-cadeau-massage-californien\/\" \/>\n<meta property=\"og:site_name\" content=\"Equilibre &amp; Harmonie by FD\" \/>\n<meta property=\"article:modified_time\" content=\"2026-01-09T15:19:58+00:00\" \/>\n<meta property=\"og:image\" content=\"https:\/\/equilibreetharmonie.fr\/wp-content\/uploads\/2025\/07\/Calif-2-scaled.jpg\" \/>\n\t<meta property=\"og:image:width\" content=\"2560\" \/>\n\t<meta property=\"og:image:height\" content=\"1707\" \/>\n\t<meta property=\"og:image:type\" content=\"image\/jpeg\" \/>\n<meta name=\"twitter:card\" content=\"summary_large_image\" \/>\n<meta name=\"twitter:label1\" content=\"Dur\u00e9e de lecture estim\u00e9e\" \/>\n\t<meta name=\"twitter:data1\" content=\"1 minute\" \/>\n<script type=\"application\/ld+json\" class=\"yoast-schema-graph\">{\"@context\":\"https:\\\/\\\/schema.org\",\"@graph\":[{\"@type\":\"WebPage\",\"@id\":\"https:\\\/\\\/equilibreetharmonie.fr\\\/index.php\\\/produit\\\/carte-cadeau-massage-californien\\\/\",\"url\":\"https:\\\/\\\/equilibreetharmonie.fr\\\/index.php\\\/produit\\\/carte-cadeau-massage-californien\\\/\",\"name\":\"Carte cadeau massage Californien - Equilibre &amp; Harmonie by FD\",\"isPartOf\":{\"@id\":\"https:\\\/\\\/equilibreetharmonie.fr\\\/#website\"},\"primaryImageOfPage\":{\"@id\":\"https:\\\/\\\/equilibreetharmonie.fr\\\/index.php\\\/produit\\\/carte-cadeau-massage-californien\\\/#primaryimage\"},\"image\":{\"@id\":\"https:\\\/\\\/equilibreetharmonie.fr\\\/index.php\\\/produit\\\/carte-cadeau-massage-californien\\\/#primaryimage\"},\"thumbnailUrl\":\"https:\\\/\\\/equilibreetharmonie.fr\\\/wp-content\\\/uploads\\\/2025\\\/07\\\/Calif-2-scaled.jpg\",\"datePublished\":\"2025-12-16T08:05:24+00:00\",\"dateModified\":\"2026-01-09T15:19:58+00:00\",\"breadcrumb\":{\"@id\":\"https:\\\/\\\/equilibreetharmonie.fr\\\/index.php\\\/produit\\\/carte-cadeau-massage-californien\\\/#breadcrumb\"},\"inLanguage\":\"fr-FR\",\"potentialAction\":[{\"@type\":\"ReadAction\",\"target\":[\"https:\\\/\\\/equilibreetharmonie.fr\\\/index.php\\\/produit\\\/carte-cadeau-massage-californien\\\/\"]}]},{\"@type\":\"ImageObject\",\"inLanguage\":\"fr-FR\",\"@id\":\"https:\\\/\\\/equilibreetharmonie.fr\\\/index.php\\\/produit\\\/carte-cadeau-massage-californien\\\/#primaryimage\",\"url\":\"https:\\\/\\\/equilibreetharmonie.fr\\\/wp-content\\\/uploads\\\/2025\\\/07\\\/Calif-2-scaled.jpg\",\"contentUrl\":\"https:\\\/\\\/equilibreetharmonie.fr\\\/wp-content\\\/uploads\\\/2025\\\/07\\\/Calif-2-scaled.jpg\",\"width\":2560,\"height\":1707},{\"@type\":\"BreadcrumbList\",\"@id\":\"https:\\\/\\\/equilibreetharmonie.fr\\\/index.php\\\/produit\\\/carte-cadeau-massage-californien\\\/#breadcrumb\",\"itemListElement\":[{\"@type\":\"ListItem\",\"position\":1,\"name\":\"Accueil\",\"item\":\"https:\\\/\\\/equilibreetharmonie.fr\\\/\"},{\"@type\":\"ListItem\",\"position\":2,\"name\":\"Boutique\",\"item\":\"https:\\\/\\\/equilibreetharmonie.fr\\\/index.php\\\/boutique\\\/\"},{\"@type\":\"ListItem\",\"position\":3,\"name\":\"Carte cadeau massage Californien\"}]},{\"@type\":\"WebSite\",\"@id\":\"https:\\\/\\\/equilibreetharmonie.fr\\\/#website\",\"url\":\"https:\\\/\\\/equilibreetharmonie.fr\\\/\",\"name\":\"Equilibre &amp; Harmonie by FD\",\"description\":\"\",\"potentialAction\":[{\"@type\":\"SearchAction\",\"target\":{\"@type\":\"EntryPoint\",\"urlTemplate\":\"https:\\\/\\\/equilibreetharmonie.fr\\\/?s={search_term_string}\"},\"query-input\":{\"@type\":\"PropertyValueSpecification\",\"valueRequired\":true,\"valueName\":\"search_term_string\"}}],\"inLanguage\":\"fr-FR\"}]}<\/script>\n<!-- \/ Yoast SEO plugin. -->","yoast_head_json":{"title":"Carte cadeau massage Californien - Equilibre &amp; Harmonie by FD","robots":{"index":"index","follow":"follow","max-snippet":"max-snippet:-1","max-image-preview":"max-image-preview:large","max-video-preview":"max-video-preview:-1"},"canonical":"https:\/\/equilibreetharmonie.fr\/index.php\/produit\/carte-cadeau-massage-californien\/","og_locale":"fr_FR","og_type":"article","og_title":"Carte cadeau massage Californien - Equilibre &amp; Harmonie by FD","og_description":"Massage Californien &nbsp; C\u2019est le massage id\u00e9al pour les personnes fatigu\u00e9es du speed quotidien ! Massage psycho-corporel \u00e0 part enti\u00e8re, m\u00e9ga relaxant et plein de douceur. Il se pratique sur l\u2019ensemble du corps (faces post\u00e9rieure et ant\u00e9rieure, mains, pieds, visage et cr\u00e2ne) avec de grands mouvements lents et fluides, une gestuelle enveloppante, de belles harmonisations, de douces mobilisations. Effectu\u00e9 avec une huile de massage \u00e0 vis\u00e9e relaxante, ses bienfaits sont multiples (lib\u00e9ration des tensions musculaires, boost de la circulation sanguine, dynamisation du syst\u00e8me lymphatique, \u00e9limination des toxines) insufflant, tr\u00e8s rapidement, une intense relaxation, un sentiment de grande d\u00e9tente et de bien-\u00eatre invitant, le receveur, \u00e0 se laisser aller dans un grand l\u00e2cher-prise physique et psychique.  Dur\u00e9e : 60 min &nbsp;  &nbsp;  &nbsp;","og_url":"https:\/\/equilibreetharmonie.fr\/index.php\/produit\/carte-cadeau-massage-californien\/","og_site_name":"Equilibre &amp; Harmonie by FD","article_modified_time":"2026-01-09T15:19:58+00:00","og_image":[{"width":2560,"height":1707,"url":"https:\/\/equilibreetharmonie.fr\/wp-content\/uploads\/2025\/07\/Calif-2-scaled.jpg","type":"image\/jpeg"}],"twitter_card":"summary_large_image","twitter_misc":{"Dur\u00e9e de lecture estim\u00e9e":"1 minute"},"schema":{"@context":"https:\/\/schema.org","@graph":[{"@type":"WebPage","@id":"https:\/\/equilibreetharmonie.fr\/index.php\/produit\/carte-cadeau-massage-californien\/","url":"https:\/\/equilibreetharmonie.fr\/index.php\/produit\/carte-cadeau-massage-californien\/","name":"Carte cadeau massage Californien - Equilibre &amp; Harmonie by FD","isPartOf":{"@id":"https:\/\/equilibreetharmonie.fr\/#website"},"primaryImageOfPage":{"@id":"https:\/\/equilibreetharmonie.fr\/index.php\/produit\/carte-cadeau-massage-californien\/#primaryimage"},"image":{"@id":"https:\/\/equilibreetharmonie.fr\/index.php\/produit\/carte-cadeau-massage-californien\/#primaryimage"},"thumbnailUrl":"https:\/\/equilibreetharmonie.fr\/wp-content\/uploads\/2025\/07\/Calif-2-scaled.jpg","datePublished":"2025-12-16T08:05:24+00:00","dateModified":"2026-01-09T15:19:58+00:00","breadcrumb":{"@id":"https:\/\/equilibreetharmonie.fr\/index.php\/produit\/carte-cadeau-massage-californien\/#breadcrumb"},"inLanguage":"fr-FR","potentialAction":[{"@type":"ReadAction","target":["https:\/\/equilibreetharmonie.fr\/index.php\/produit\/carte-cadeau-massage-californien\/"]}]},{"@type":"ImageObject","inLanguage":"fr-FR","@id":"https:\/\/equilibreetharmonie.fr\/index.php\/produit\/carte-cadeau-massage-californien\/#primaryimage","url":"https:\/\/equilibreetharmonie.fr\/wp-content\/uploads\/2025\/07\/Calif-2-scaled.jpg","contentUrl":"https:\/\/equilibreetharmonie.fr\/wp-content\/uploads\/2025\/07\/Calif-2-scaled.jpg","width":2560,"height":1707},{"@type":"BreadcrumbList","@id":"https:\/\/equilibreetharmonie.fr\/index.php\/produit\/carte-cadeau-massage-californien\/#breadcrumb","itemListElement":[{"@type":"ListItem","position":1,"name":"Accueil","item":"https:\/\/equilibreetharmonie.fr\/"},{"@type":"ListItem","position":2,"name":"Boutique","item":"https:\/\/equilibreetharmonie.fr\/index.php\/boutique\/"},{"@type":"ListItem","position":3,"name":"Carte cadeau massage Californien"}]},{"@type":"WebSite","@id":"https:\/\/equilibreetharmonie.fr\/#website","url":"https:\/\/equilibreetharmonie.fr\/","name":"Equilibre &amp; Harmonie by FD","description":"","potentialAction":[{"@type":"SearchAction","target":{"@type":"EntryPoint","urlTemplate":"https:\/\/equilibreetharmonie.fr\/?s={search_term_string}"},"query-input":{"@type":"PropertyValueSpecification","valueRequired":true,"valueName":"search_term_string"}}],"inLanguage":"fr-FR"}]}},"_links":{"self":[{"href":"https:\/\/equilibreetharmonie.fr\/index.php\/wp-json\/wp\/v2\/product\/996","targetHints":{"allow":["GET"]}}],"collection":[{"href":"https:\/\/equilibreetharmonie.fr\/index.php\/wp-json\/wp\/v2\/product"}],"about":[{"href":"https:\/\/equilibreetharmonie.fr\/index.php\/wp-json\/wp\/v2\/types\/product"}],"replies":[{"embeddable":true,"href":"https:\/\/equilibreetharmonie.fr\/index.php\/wp-json\/wp\/v2\/comments?post=996"}],"wp:featuredmedia":[{"embeddable":true,"href":"https:\/\/equilibreetharmonie.fr\/index.php\/wp-json\/wp\/v2\/media\/753"}],"wp:attachment":[{"href":"https:\/\/equilibreetharmonie.fr\/index.php\/wp-json\/wp\/v2\/media?parent=996"}],"wp:term":[{"taxonomy":"product_brand","embeddable":true,"href":"https:\/\/equilibreetharmonie.fr\/index.php\/wp-json\/wp\/v2\/product_brand?post=996"},{"taxonomy":"product_cat","embeddable":true,"href":"https:\/\/equilibreetharmonie.fr\/index.php\/wp-json\/wp\/v2\/product_cat?post=996"},{"taxonomy":"product_tag","embeddable":true,"href":"https:\/\/equilibreetharmonie.fr\/index.php\/wp-json\/wp\/v2\/product_tag?post=996"}],"curies":[{"name":"wp","href":"https:\/\/api.w.org\/{rel}","templated":true}]}}