{"id":993,"date":"2025-12-16T09:04:31","date_gmt":"2025-12-16T08:04:31","guid":{"rendered":"https:\/\/equilibreetharmonie.fr\/?post_type=product&#038;p=993"},"modified":"2025-12-17T16:34:13","modified_gmt":"2025-12-17T15:34:13","slug":"carte-cadeau-massage-lomi-lomi","status":"publish","type":"product","link":"https:\/\/equilibreetharmonie.fr\/index.php\/produit\/carte-cadeau-massage-lomi-lomi\/","title":{"rendered":"Carte Cadeau massage Lomi-Lomi"},"content":{"rendered":"<h3 style=\"text-align: center;\">Massage Lomi-Lomi<\/h3>\n<p>&nbsp;<\/p>\n<p style=\"text-align: center;\">C&rsquo;est une invitation au voyage dans les contr\u00e9es exotiques hawa\u00efennes. \u00c9voquant \u00e0 lui seul les plaisirs sucr\u00e9s et ensoleill\u00e9s de cet archipel paradisiaque.<br \/>\nCe massage pr\u00f4ne l\u2019\u00e9quilibre physique et l\u2019harmonie psychique et \u00e9motionnelle.<br \/>\nC\u2019est dans l\u2019esprit de \u00ab Aloha \u00bb que sera prodigu\u00e9 le Massage Hawa\u00efen &#8211; Lomi Lomi, avec respect, attention, intention, amour pour autrui et en faisant preuve d\u2019humilit\u00e9.<br \/>\nLe corps entier est nourri, purifi\u00e9, revitalis\u00e9, d\u00e9tendu, l\u2019esprit est calme et repos\u00e9. L\u2019harmonisation \u00e9nerg\u00e9tique stimule la libre circulation de l\u2019\u00e9nergie Mana.<\/p>\n<h3 style=\"text-align: center;\">Dur\u00e9e : 75 min<\/h3>\n","protected":false},"excerpt":{"rendered":"<h3 style=\"text-align: center;\">Massage Lomi-Lomi<\/h3>\n<p>&nbsp;<\/p>\n<p style=\"text-align: center;\">C&rsquo;est une invitation au voyage dans les contr\u00e9es exotiques hawa\u00efennes. \u00c9voquant \u00e0 lui seul les plaisirs sucr\u00e9s et ensoleill\u00e9s de cet archipel paradisiaque.<br \/>\nCe massage pr\u00f4ne l\u2019\u00e9quilibre physique et l\u2019harmonie psychique et \u00e9motionnelle.<br \/>\nC\u2019est dans l\u2019esprit de \u00ab Aloha \u00bb que sera prodigu\u00e9 le Massage Hawa\u00efen &#8211; Lomi Lomi, avec respect, attention, intention, amour pour autrui et en faisant preuve d\u2019humilit\u00e9.<br \/>\nLe corps entier est nourri, purifi\u00e9, revitalis\u00e9, d\u00e9tendu, l\u2019esprit est calme et repos\u00e9. L\u2019harmonisation \u00e9nerg\u00e9tique stimule la libre circulation de l\u2019\u00e9nergie Mana.<\/p>\n<p>&nbsp;<\/p>\n<h3 style=\"text-align: center;\">Dur\u00e9e : 75 min<\/h3>\n","protected":false},"featured_media":770,"comment_status":"open","ping_status":"closed","template":"","meta":{"_kad_post_transparent":"default","_kad_post_title":"","_kad_post_layout":"default","_kad_post_sidebar_id":"","_kad_post_content_style":"default","_kad_post_vertical_padding":"default","_kad_post_feature":"","_kad_post_feature_position":"","_kad_post_header":false,"_kad_post_footer":false},"product_brand":[],"product_cat":[19],"product_tag":[],"class_list":{"0":"post-993","1":"product","2":"type-product","3":"status-publish","4":"has-post-thumbnail","6":"product_cat-massage-energetique","8":"first","9":"instock","10":"downloadable","11":"shipping-taxable","12":"purchasable","13":"product-type-simple","14":"entry","15":"content-bg","16":"loop-entry"},"yoast_head":"<!-- This site is optimized with the Yoast SEO plugin v27.5 - https:\/\/yoast.com\/product\/yoast-seo-wordpress\/ -->\n<title>Carte Cadeau massage Lomi-Lomi - Equilibre &amp; Harmonie by FD<\/title>\n<meta name=\"robots\" content=\"index, follow, max-snippet:-1, max-image-preview:large, max-video-preview:-1\" \/>\n<link rel=\"canonical\" href=\"https:\/\/equilibreetharmonie.fr\/index.php\/produit\/carte-cadeau-massage-lomi-lomi\/\" \/>\n<meta property=\"og:locale\" content=\"fr_FR\" \/>\n<meta property=\"og:type\" content=\"article\" \/>\n<meta property=\"og:title\" content=\"Carte Cadeau massage Lomi-Lomi - Equilibre &amp; Harmonie by FD\" \/>\n<meta property=\"og:description\" content=\"Massage Lomi-Lomi &nbsp; C&#039;est une invitation au voyage dans les contr\u00e9es exotiques hawa\u00efennes. \u00c9voquant \u00e0 lui seul les plaisirs sucr\u00e9s et ensoleill\u00e9s de cet archipel paradisiaque. Ce massage pr\u00f4ne l\u2019\u00e9quilibre physique et l\u2019harmonie psychique et \u00e9motionnelle. C\u2019est dans l\u2019esprit de \u00ab Aloha \u00bb que sera prodigu\u00e9 le Massage Hawa\u00efen - Lomi Lomi, avec respect, attention, intention, amour pour autrui et en faisant preuve d\u2019humilit\u00e9. Le corps entier est nourri, purifi\u00e9, revitalis\u00e9, d\u00e9tendu, l\u2019esprit est calme et repos\u00e9. L\u2019harmonisation \u00e9nerg\u00e9tique stimule la libre circulation de l\u2019\u00e9nergie Mana. &nbsp; Dur\u00e9e : 75 min\" \/>\n<meta property=\"og:url\" content=\"https:\/\/equilibreetharmonie.fr\/index.php\/produit\/carte-cadeau-massage-lomi-lomi\/\" \/>\n<meta property=\"og:site_name\" content=\"Equilibre &amp; Harmonie by FD\" \/>\n<meta property=\"article:modified_time\" content=\"2025-12-17T15:34:13+00:00\" \/>\n<meta property=\"og:image\" content=\"https:\/\/equilibreetharmonie.fr\/wp-content\/uploads\/2025\/07\/Lomi-lomi-scaled.jpg\" \/>\n\t<meta property=\"og:image:width\" content=\"2560\" \/>\n\t<meta property=\"og:image:height\" content=\"1707\" \/>\n\t<meta property=\"og:image:type\" content=\"image\/jpeg\" \/>\n<meta name=\"twitter:card\" content=\"summary_large_image\" \/>\n<meta name=\"twitter:label1\" content=\"Dur\u00e9e de lecture estim\u00e9e\" \/>\n\t<meta name=\"twitter:data1\" content=\"1 minute\" \/>\n<script type=\"application\/ld+json\" class=\"yoast-schema-graph\">{\"@context\":\"https:\\\/\\\/schema.org\",\"@graph\":[{\"@type\":\"WebPage\",\"@id\":\"https:\\\/\\\/equilibreetharmonie.fr\\\/index.php\\\/produit\\\/carte-cadeau-massage-lomi-lomi\\\/\",\"url\":\"https:\\\/\\\/equilibreetharmonie.fr\\\/index.php\\\/produit\\\/carte-cadeau-massage-lomi-lomi\\\/\",\"name\":\"Carte Cadeau massage Lomi-Lomi - Equilibre &amp; Harmonie by FD\",\"isPartOf\":{\"@id\":\"https:\\\/\\\/equilibreetharmonie.fr\\\/#website\"},\"primaryImageOfPage\":{\"@id\":\"https:\\\/\\\/equilibreetharmonie.fr\\\/index.php\\\/produit\\\/carte-cadeau-massage-lomi-lomi\\\/#primaryimage\"},\"image\":{\"@id\":\"https:\\\/\\\/equilibreetharmonie.fr\\\/index.php\\\/produit\\\/carte-cadeau-massage-lomi-lomi\\\/#primaryimage\"},\"thumbnailUrl\":\"https:\\\/\\\/equilibreetharmonie.fr\\\/wp-content\\\/uploads\\\/2025\\\/07\\\/Lomi-lomi-scaled.jpg\",\"datePublished\":\"2025-12-16T08:04:31+00:00\",\"dateModified\":\"2025-12-17T15:34:13+00:00\",\"breadcrumb\":{\"@id\":\"https:\\\/\\\/equilibreetharmonie.fr\\\/index.php\\\/produit\\\/carte-cadeau-massage-lomi-lomi\\\/#breadcrumb\"},\"inLanguage\":\"fr-FR\",\"potentialAction\":[{\"@type\":\"ReadAction\",\"target\":[\"https:\\\/\\\/equilibreetharmonie.fr\\\/index.php\\\/produit\\\/carte-cadeau-massage-lomi-lomi\\\/\"]}]},{\"@type\":\"ImageObject\",\"inLanguage\":\"fr-FR\",\"@id\":\"https:\\\/\\\/equilibreetharmonie.fr\\\/index.php\\\/produit\\\/carte-cadeau-massage-lomi-lomi\\\/#primaryimage\",\"url\":\"https:\\\/\\\/equilibreetharmonie.fr\\\/wp-content\\\/uploads\\\/2025\\\/07\\\/Lomi-lomi-scaled.jpg\",\"contentUrl\":\"https:\\\/\\\/equilibreetharmonie.fr\\\/wp-content\\\/uploads\\\/2025\\\/07\\\/Lomi-lomi-scaled.jpg\",\"width\":2560,\"height\":1707},{\"@type\":\"BreadcrumbList\",\"@id\":\"https:\\\/\\\/equilibreetharmonie.fr\\\/index.php\\\/produit\\\/carte-cadeau-massage-lomi-lomi\\\/#breadcrumb\",\"itemListElement\":[{\"@type\":\"ListItem\",\"position\":1,\"name\":\"Accueil\",\"item\":\"https:\\\/\\\/equilibreetharmonie.fr\\\/\"},{\"@type\":\"ListItem\",\"position\":2,\"name\":\"Boutique\",\"item\":\"https:\\\/\\\/equilibreetharmonie.fr\\\/index.php\\\/boutique\\\/\"},{\"@type\":\"ListItem\",\"position\":3,\"name\":\"Carte Cadeau massage Lomi-Lomi\"}]},{\"@type\":\"WebSite\",\"@id\":\"https:\\\/\\\/equilibreetharmonie.fr\\\/#website\",\"url\":\"https:\\\/\\\/equilibreetharmonie.fr\\\/\",\"name\":\"Equilibre &amp; Harmonie by FD\",\"description\":\"\",\"potentialAction\":[{\"@type\":\"SearchAction\",\"target\":{\"@type\":\"EntryPoint\",\"urlTemplate\":\"https:\\\/\\\/equilibreetharmonie.fr\\\/?s={search_term_string}\"},\"query-input\":{\"@type\":\"PropertyValueSpecification\",\"valueRequired\":true,\"valueName\":\"search_term_string\"}}],\"inLanguage\":\"fr-FR\"}]}<\/script>\n<!-- \/ Yoast SEO plugin. -->","yoast_head_json":{"title":"Carte Cadeau massage Lomi-Lomi - Equilibre &amp; Harmonie by FD","robots":{"index":"index","follow":"follow","max-snippet":"max-snippet:-1","max-image-preview":"max-image-preview:large","max-video-preview":"max-video-preview:-1"},"canonical":"https:\/\/equilibreetharmonie.fr\/index.php\/produit\/carte-cadeau-massage-lomi-lomi\/","og_locale":"fr_FR","og_type":"article","og_title":"Carte Cadeau massage Lomi-Lomi - Equilibre &amp; Harmonie by FD","og_description":"Massage Lomi-Lomi &nbsp; C'est une invitation au voyage dans les contr\u00e9es exotiques hawa\u00efennes. \u00c9voquant \u00e0 lui seul les plaisirs sucr\u00e9s et ensoleill\u00e9s de cet archipel paradisiaque. Ce massage pr\u00f4ne l\u2019\u00e9quilibre physique et l\u2019harmonie psychique et \u00e9motionnelle. C\u2019est dans l\u2019esprit de \u00ab Aloha \u00bb que sera prodigu\u00e9 le Massage Hawa\u00efen - Lomi Lomi, avec respect, attention, intention, amour pour autrui et en faisant preuve d\u2019humilit\u00e9. Le corps entier est nourri, purifi\u00e9, revitalis\u00e9, d\u00e9tendu, l\u2019esprit est calme et repos\u00e9. L\u2019harmonisation \u00e9nerg\u00e9tique stimule la libre circulation de l\u2019\u00e9nergie Mana. &nbsp; Dur\u00e9e : 75 min","og_url":"https:\/\/equilibreetharmonie.fr\/index.php\/produit\/carte-cadeau-massage-lomi-lomi\/","og_site_name":"Equilibre &amp; Harmonie by FD","article_modified_time":"2025-12-17T15:34:13+00:00","og_image":[{"width":2560,"height":1707,"url":"https:\/\/equilibreetharmonie.fr\/wp-content\/uploads\/2025\/07\/Lomi-lomi-scaled.jpg","type":"image\/jpeg"}],"twitter_card":"summary_large_image","twitter_misc":{"Dur\u00e9e de lecture estim\u00e9e":"1 minute"},"schema":{"@context":"https:\/\/schema.org","@graph":[{"@type":"WebPage","@id":"https:\/\/equilibreetharmonie.fr\/index.php\/produit\/carte-cadeau-massage-lomi-lomi\/","url":"https:\/\/equilibreetharmonie.fr\/index.php\/produit\/carte-cadeau-massage-lomi-lomi\/","name":"Carte Cadeau massage Lomi-Lomi - Equilibre &amp; Harmonie by FD","isPartOf":{"@id":"https:\/\/equilibreetharmonie.fr\/#website"},"primaryImageOfPage":{"@id":"https:\/\/equilibreetharmonie.fr\/index.php\/produit\/carte-cadeau-massage-lomi-lomi\/#primaryimage"},"image":{"@id":"https:\/\/equilibreetharmonie.fr\/index.php\/produit\/carte-cadeau-massage-lomi-lomi\/#primaryimage"},"thumbnailUrl":"https:\/\/equilibreetharmonie.fr\/wp-content\/uploads\/2025\/07\/Lomi-lomi-scaled.jpg","datePublished":"2025-12-16T08:04:31+00:00","dateModified":"2025-12-17T15:34:13+00:00","breadcrumb":{"@id":"https:\/\/equilibreetharmonie.fr\/index.php\/produit\/carte-cadeau-massage-lomi-lomi\/#breadcrumb"},"inLanguage":"fr-FR","potentialAction":[{"@type":"ReadAction","target":["https:\/\/equilibreetharmonie.fr\/index.php\/produit\/carte-cadeau-massage-lomi-lomi\/"]}]},{"@type":"ImageObject","inLanguage":"fr-FR","@id":"https:\/\/equilibreetharmonie.fr\/index.php\/produit\/carte-cadeau-massage-lomi-lomi\/#primaryimage","url":"https:\/\/equilibreetharmonie.fr\/wp-content\/uploads\/2025\/07\/Lomi-lomi-scaled.jpg","contentUrl":"https:\/\/equilibreetharmonie.fr\/wp-content\/uploads\/2025\/07\/Lomi-lomi-scaled.jpg","width":2560,"height":1707},{"@type":"BreadcrumbList","@id":"https:\/\/equilibreetharmonie.fr\/index.php\/produit\/carte-cadeau-massage-lomi-lomi\/#breadcrumb","itemListElement":[{"@type":"ListItem","position":1,"name":"Accueil","item":"https:\/\/equilibreetharmonie.fr\/"},{"@type":"ListItem","position":2,"name":"Boutique","item":"https:\/\/equilibreetharmonie.fr\/index.php\/boutique\/"},{"@type":"ListItem","position":3,"name":"Carte Cadeau massage Lomi-Lomi"}]},{"@type":"WebSite","@id":"https:\/\/equilibreetharmonie.fr\/#website","url":"https:\/\/equilibreetharmonie.fr\/","name":"Equilibre &amp; Harmonie by FD","description":"","potentialAction":[{"@type":"SearchAction","target":{"@type":"EntryPoint","urlTemplate":"https:\/\/equilibreetharmonie.fr\/?s={search_term_string}"},"query-input":{"@type":"PropertyValueSpecification","valueRequired":true,"valueName":"search_term_string"}}],"inLanguage":"fr-FR"}]}},"_links":{"self":[{"href":"https:\/\/equilibreetharmonie.fr\/index.php\/wp-json\/wp\/v2\/product\/993","targetHints":{"allow":["GET"]}}],"collection":[{"href":"https:\/\/equilibreetharmonie.fr\/index.php\/wp-json\/wp\/v2\/product"}],"about":[{"href":"https:\/\/equilibreetharmonie.fr\/index.php\/wp-json\/wp\/v2\/types\/product"}],"replies":[{"embeddable":true,"href":"https:\/\/equilibreetharmonie.fr\/index.php\/wp-json\/wp\/v2\/comments?post=993"}],"wp:featuredmedia":[{"embeddable":true,"href":"https:\/\/equilibreetharmonie.fr\/index.php\/wp-json\/wp\/v2\/media\/770"}],"wp:attachment":[{"href":"https:\/\/equilibreetharmonie.fr\/index.php\/wp-json\/wp\/v2\/media?parent=993"}],"wp:term":[{"taxonomy":"product_brand","embeddable":true,"href":"https:\/\/equilibreetharmonie.fr\/index.php\/wp-json\/wp\/v2\/product_brand?post=993"},{"taxonomy":"product_cat","embeddable":true,"href":"https:\/\/equilibreetharmonie.fr\/index.php\/wp-json\/wp\/v2\/product_cat?post=993"},{"taxonomy":"product_tag","embeddable":true,"href":"https:\/\/equilibreetharmonie.fr\/index.php\/wp-json\/wp\/v2\/product_tag?post=993"}],"curies":[{"name":"wp","href":"https:\/\/api.w.org\/{rel}","templated":true}]}}