{"id":1119,"date":"2026-02-10T11:34:05","date_gmt":"2026-02-10T10:34:05","guid":{"rendered":"https:\/\/equilibreetharmonie.fr\/?post_type=product&#038;p=1119"},"modified":"2026-03-01T08:37:51","modified_gmt":"2026-03-01T07:37:51","slug":"carte-cadeau-massage-balinais","status":"publish","type":"product","link":"https:\/\/equilibreetharmonie.fr\/index.php\/produit\/carte-cadeau-massage-balinais\/","title":{"rendered":"Carte cadeau massage Balinais"},"content":{"rendered":"<h4 style=\"text-align: center;\">Massage Balinais<\/h4>\n<p>&nbsp;<\/p>\n<p style=\"text-align: center;\">A la fois relaxant et dynamisant, le massage balinais invite \u00e0 un v\u00e9ritable voyage sensoriel, r\u00e9\u00e9quilibrant le corps et l&rsquo;esprit dans une profonde s\u00e9r\u00e9nit\u00e9.<br \/>\nCe massage est un soin ancestral originaire de l&rsquo;\u00eele de Bali, alliant harmonieusement techniques de relaxation et travail en profondeur.<br \/>\nInspir\u00e9 de la m\u00e9decine traditionnelle indon\u00e9sienne, il combine pressions profondes, \u00e9tirements doux, lissages enveloppants et mouvements rythm\u00e9s pour lib\u00e9rer les tensions physiques et mentales.<br \/>\nPratiqu\u00e9 avec des huiles chaudes aux senteurs exotiques, ce massage favorise la circulation \u00e9nerg\u00e9tique, d\u00e9tend les muscles en profondeur et procure une sensation imm\u00e9diate de bien-\u00eatre.<\/p>\n<h4 style=\"text-align: center;\">Dur\u00e9e : 75 min<\/h4>\n","protected":false},"excerpt":{"rendered":"<h4 style=\"text-align: center;\">Massage Balinais<\/h4>\n<p>&nbsp;<\/p>\n<p style=\"text-align: center;\">A la fois relaxant et dynamisant, le massage balinais invite \u00e0 un v\u00e9ritable voyage sensoriel, r\u00e9\u00e9quilibrant le corps et l&rsquo;esprit dans une profonde s\u00e9r\u00e9nit\u00e9.<br \/>\nCe massage est un soin ancestral originaire de l&rsquo;\u00eele de Bali, alliant harmonieusement techniques de relaxation et travail en profondeur.<br \/>\nInspir\u00e9 de la m\u00e9decine traditionnelle indon\u00e9sienne, il combine pressions profondes, \u00e9tirements doux, lissages enveloppants et mouvements rythm\u00e9s pour lib\u00e9rer les tensions physiques et mentales.<br \/>\nPratiqu\u00e9 avec des huiles chaudes aux senteurs exotiques, ce massage favorise la circulation \u00e9nerg\u00e9tique, d\u00e9tend les muscles en profondeur et procure une sensation imm\u00e9diate de bien-\u00eatre.<\/p>\n<h4 style=\"text-align: center;\">Dur\u00e9e : 75 min<\/h4>\n","protected":false},"featured_media":1108,"comment_status":"open","ping_status":"closed","template":"","meta":{"_kad_post_transparent":"default","_kad_post_title":"","_kad_post_layout":"default","_kad_post_sidebar_id":"","_kad_post_content_style":"default","_kad_post_vertical_padding":"default","_kad_post_feature":"","_kad_post_feature_position":"","_kad_post_header":false,"_kad_post_footer":false},"product_brand":[],"product_cat":[19],"product_tag":[],"class_list":{"0":"post-1119","1":"product","2":"type-product","3":"status-publish","4":"has-post-thumbnail","6":"product_cat-massage-energetique","8":"first","9":"instock","10":"downloadable","11":"virtual","12":"purchasable","13":"product-type-simple","14":"entry","15":"content-bg","16":"loop-entry"},"yoast_head":"<!-- This site is optimized with the Yoast SEO plugin v27.5 - https:\/\/yoast.com\/product\/yoast-seo-wordpress\/ -->\n<title>Carte cadeau massage Balinais - Equilibre &amp; Harmonie by FD<\/title>\n<meta name=\"robots\" content=\"index, follow, max-snippet:-1, max-image-preview:large, max-video-preview:-1\" \/>\n<link rel=\"canonical\" href=\"https:\/\/equilibreetharmonie.fr\/index.php\/produit\/carte-cadeau-massage-balinais\/\" \/>\n<meta property=\"og:locale\" content=\"fr_FR\" \/>\n<meta property=\"og:type\" content=\"article\" \/>\n<meta property=\"og:title\" content=\"Carte cadeau massage Balinais - Equilibre &amp; Harmonie by FD\" \/>\n<meta property=\"og:description\" content=\"Massage Balinais &nbsp; A la fois relaxant et dynamisant, le massage balinais invite \u00e0 un v\u00e9ritable voyage sensoriel, r\u00e9\u00e9quilibrant le corps et l&#039;esprit dans une profonde s\u00e9r\u00e9nit\u00e9. Ce massage est un soin ancestral originaire de l&#039;\u00eele de Bali, alliant harmonieusement techniques de relaxation et travail en profondeur. Inspir\u00e9 de la m\u00e9decine traditionnelle indon\u00e9sienne, il combine pressions profondes, \u00e9tirements doux, lissages enveloppants et mouvements rythm\u00e9s pour lib\u00e9rer les tensions physiques et mentales. Pratiqu\u00e9 avec des huiles chaudes aux senteurs exotiques, ce massage favorise la circulation \u00e9nerg\u00e9tique, d\u00e9tend les muscles en profondeur et procure une sensation imm\u00e9diate de bien-\u00eatre.  Dur\u00e9e : 75 min\" \/>\n<meta property=\"og:url\" content=\"https:\/\/equilibreetharmonie.fr\/index.php\/produit\/carte-cadeau-massage-balinais\/\" \/>\n<meta property=\"og:site_name\" content=\"Equilibre &amp; Harmonie by FD\" \/>\n<meta property=\"article:modified_time\" content=\"2026-03-01T07:37:51+00:00\" \/>\n<meta property=\"og:image\" content=\"https:\/\/equilibreetharmonie.fr\/wp-content\/uploads\/2026\/01\/balinais-1.png\" \/>\n\t<meta property=\"og:image:width\" content=\"1200\" \/>\n\t<meta property=\"og:image:height\" content=\"800\" \/>\n\t<meta property=\"og:image:type\" content=\"image\/png\" \/>\n<meta name=\"twitter:card\" content=\"summary_large_image\" \/>\n<meta name=\"twitter:label1\" content=\"Dur\u00e9e de lecture estim\u00e9e\" \/>\n\t<meta name=\"twitter:data1\" content=\"1 minute\" \/>\n<script type=\"application\/ld+json\" class=\"yoast-schema-graph\">{\"@context\":\"https:\\\/\\\/schema.org\",\"@graph\":[{\"@type\":\"WebPage\",\"@id\":\"https:\\\/\\\/equilibreetharmonie.fr\\\/index.php\\\/produit\\\/carte-cadeau-massage-balinais\\\/\",\"url\":\"https:\\\/\\\/equilibreetharmonie.fr\\\/index.php\\\/produit\\\/carte-cadeau-massage-balinais\\\/\",\"name\":\"Carte cadeau massage Balinais - Equilibre &amp; Harmonie by FD\",\"isPartOf\":{\"@id\":\"https:\\\/\\\/equilibreetharmonie.fr\\\/#website\"},\"primaryImageOfPage\":{\"@id\":\"https:\\\/\\\/equilibreetharmonie.fr\\\/index.php\\\/produit\\\/carte-cadeau-massage-balinais\\\/#primaryimage\"},\"image\":{\"@id\":\"https:\\\/\\\/equilibreetharmonie.fr\\\/index.php\\\/produit\\\/carte-cadeau-massage-balinais\\\/#primaryimage\"},\"thumbnailUrl\":\"https:\\\/\\\/equilibreetharmonie.fr\\\/wp-content\\\/uploads\\\/2026\\\/01\\\/balinais-1.png\",\"datePublished\":\"2026-02-10T10:34:05+00:00\",\"dateModified\":\"2026-03-01T07:37:51+00:00\",\"breadcrumb\":{\"@id\":\"https:\\\/\\\/equilibreetharmonie.fr\\\/index.php\\\/produit\\\/carte-cadeau-massage-balinais\\\/#breadcrumb\"},\"inLanguage\":\"fr-FR\",\"potentialAction\":[{\"@type\":\"ReadAction\",\"target\":[\"https:\\\/\\\/equilibreetharmonie.fr\\\/index.php\\\/produit\\\/carte-cadeau-massage-balinais\\\/\"]}]},{\"@type\":\"ImageObject\",\"inLanguage\":\"fr-FR\",\"@id\":\"https:\\\/\\\/equilibreetharmonie.fr\\\/index.php\\\/produit\\\/carte-cadeau-massage-balinais\\\/#primaryimage\",\"url\":\"https:\\\/\\\/equilibreetharmonie.fr\\\/wp-content\\\/uploads\\\/2026\\\/01\\\/balinais-1.png\",\"contentUrl\":\"https:\\\/\\\/equilibreetharmonie.fr\\\/wp-content\\\/uploads\\\/2026\\\/01\\\/balinais-1.png\",\"width\":1200,\"height\":800},{\"@type\":\"BreadcrumbList\",\"@id\":\"https:\\\/\\\/equilibreetharmonie.fr\\\/index.php\\\/produit\\\/carte-cadeau-massage-balinais\\\/#breadcrumb\",\"itemListElement\":[{\"@type\":\"ListItem\",\"position\":1,\"name\":\"Accueil\",\"item\":\"https:\\\/\\\/equilibreetharmonie.fr\\\/\"},{\"@type\":\"ListItem\",\"position\":2,\"name\":\"Boutique\",\"item\":\"https:\\\/\\\/equilibreetharmonie.fr\\\/index.php\\\/boutique\\\/\"},{\"@type\":\"ListItem\",\"position\":3,\"name\":\"Carte cadeau massage Balinais\"}]},{\"@type\":\"WebSite\",\"@id\":\"https:\\\/\\\/equilibreetharmonie.fr\\\/#website\",\"url\":\"https:\\\/\\\/equilibreetharmonie.fr\\\/\",\"name\":\"Equilibre &amp; Harmonie by FD\",\"description\":\"\",\"potentialAction\":[{\"@type\":\"SearchAction\",\"target\":{\"@type\":\"EntryPoint\",\"urlTemplate\":\"https:\\\/\\\/equilibreetharmonie.fr\\\/?s={search_term_string}\"},\"query-input\":{\"@type\":\"PropertyValueSpecification\",\"valueRequired\":true,\"valueName\":\"search_term_string\"}}],\"inLanguage\":\"fr-FR\"}]}<\/script>\n<!-- \/ Yoast SEO plugin. -->","yoast_head_json":{"title":"Carte cadeau massage Balinais - Equilibre &amp; Harmonie by FD","robots":{"index":"index","follow":"follow","max-snippet":"max-snippet:-1","max-image-preview":"max-image-preview:large","max-video-preview":"max-video-preview:-1"},"canonical":"https:\/\/equilibreetharmonie.fr\/index.php\/produit\/carte-cadeau-massage-balinais\/","og_locale":"fr_FR","og_type":"article","og_title":"Carte cadeau massage Balinais - Equilibre &amp; Harmonie by FD","og_description":"Massage Balinais &nbsp; A la fois relaxant et dynamisant, le massage balinais invite \u00e0 un v\u00e9ritable voyage sensoriel, r\u00e9\u00e9quilibrant le corps et l'esprit dans une profonde s\u00e9r\u00e9nit\u00e9. Ce massage est un soin ancestral originaire de l'\u00eele de Bali, alliant harmonieusement techniques de relaxation et travail en profondeur. Inspir\u00e9 de la m\u00e9decine traditionnelle indon\u00e9sienne, il combine pressions profondes, \u00e9tirements doux, lissages enveloppants et mouvements rythm\u00e9s pour lib\u00e9rer les tensions physiques et mentales. Pratiqu\u00e9 avec des huiles chaudes aux senteurs exotiques, ce massage favorise la circulation \u00e9nerg\u00e9tique, d\u00e9tend les muscles en profondeur et procure une sensation imm\u00e9diate de bien-\u00eatre.  Dur\u00e9e : 75 min","og_url":"https:\/\/equilibreetharmonie.fr\/index.php\/produit\/carte-cadeau-massage-balinais\/","og_site_name":"Equilibre &amp; Harmonie by FD","article_modified_time":"2026-03-01T07:37:51+00:00","og_image":[{"width":1200,"height":800,"url":"https:\/\/equilibreetharmonie.fr\/wp-content\/uploads\/2026\/01\/balinais-1.png","type":"image\/png"}],"twitter_card":"summary_large_image","twitter_misc":{"Dur\u00e9e de lecture estim\u00e9e":"1 minute"},"schema":{"@context":"https:\/\/schema.org","@graph":[{"@type":"WebPage","@id":"https:\/\/equilibreetharmonie.fr\/index.php\/produit\/carte-cadeau-massage-balinais\/","url":"https:\/\/equilibreetharmonie.fr\/index.php\/produit\/carte-cadeau-massage-balinais\/","name":"Carte cadeau massage Balinais - Equilibre &amp; Harmonie by FD","isPartOf":{"@id":"https:\/\/equilibreetharmonie.fr\/#website"},"primaryImageOfPage":{"@id":"https:\/\/equilibreetharmonie.fr\/index.php\/produit\/carte-cadeau-massage-balinais\/#primaryimage"},"image":{"@id":"https:\/\/equilibreetharmonie.fr\/index.php\/produit\/carte-cadeau-massage-balinais\/#primaryimage"},"thumbnailUrl":"https:\/\/equilibreetharmonie.fr\/wp-content\/uploads\/2026\/01\/balinais-1.png","datePublished":"2026-02-10T10:34:05+00:00","dateModified":"2026-03-01T07:37:51+00:00","breadcrumb":{"@id":"https:\/\/equilibreetharmonie.fr\/index.php\/produit\/carte-cadeau-massage-balinais\/#breadcrumb"},"inLanguage":"fr-FR","potentialAction":[{"@type":"ReadAction","target":["https:\/\/equilibreetharmonie.fr\/index.php\/produit\/carte-cadeau-massage-balinais\/"]}]},{"@type":"ImageObject","inLanguage":"fr-FR","@id":"https:\/\/equilibreetharmonie.fr\/index.php\/produit\/carte-cadeau-massage-balinais\/#primaryimage","url":"https:\/\/equilibreetharmonie.fr\/wp-content\/uploads\/2026\/01\/balinais-1.png","contentUrl":"https:\/\/equilibreetharmonie.fr\/wp-content\/uploads\/2026\/01\/balinais-1.png","width":1200,"height":800},{"@type":"BreadcrumbList","@id":"https:\/\/equilibreetharmonie.fr\/index.php\/produit\/carte-cadeau-massage-balinais\/#breadcrumb","itemListElement":[{"@type":"ListItem","position":1,"name":"Accueil","item":"https:\/\/equilibreetharmonie.fr\/"},{"@type":"ListItem","position":2,"name":"Boutique","item":"https:\/\/equilibreetharmonie.fr\/index.php\/boutique\/"},{"@type":"ListItem","position":3,"name":"Carte cadeau massage Balinais"}]},{"@type":"WebSite","@id":"https:\/\/equilibreetharmonie.fr\/#website","url":"https:\/\/equilibreetharmonie.fr\/","name":"Equilibre &amp; Harmonie by FD","description":"","potentialAction":[{"@type":"SearchAction","target":{"@type":"EntryPoint","urlTemplate":"https:\/\/equilibreetharmonie.fr\/?s={search_term_string}"},"query-input":{"@type":"PropertyValueSpecification","valueRequired":true,"valueName":"search_term_string"}}],"inLanguage":"fr-FR"}]}},"_links":{"self":[{"href":"https:\/\/equilibreetharmonie.fr\/index.php\/wp-json\/wp\/v2\/product\/1119","targetHints":{"allow":["GET"]}}],"collection":[{"href":"https:\/\/equilibreetharmonie.fr\/index.php\/wp-json\/wp\/v2\/product"}],"about":[{"href":"https:\/\/equilibreetharmonie.fr\/index.php\/wp-json\/wp\/v2\/types\/product"}],"replies":[{"embeddable":true,"href":"https:\/\/equilibreetharmonie.fr\/index.php\/wp-json\/wp\/v2\/comments?post=1119"}],"wp:featuredmedia":[{"embeddable":true,"href":"https:\/\/equilibreetharmonie.fr\/index.php\/wp-json\/wp\/v2\/media\/1108"}],"wp:attachment":[{"href":"https:\/\/equilibreetharmonie.fr\/index.php\/wp-json\/wp\/v2\/media?parent=1119"}],"wp:term":[{"taxonomy":"product_brand","embeddable":true,"href":"https:\/\/equilibreetharmonie.fr\/index.php\/wp-json\/wp\/v2\/product_brand?post=1119"},{"taxonomy":"product_cat","embeddable":true,"href":"https:\/\/equilibreetharmonie.fr\/index.php\/wp-json\/wp\/v2\/product_cat?post=1119"},{"taxonomy":"product_tag","embeddable":true,"href":"https:\/\/equilibreetharmonie.fr\/index.php\/wp-json\/wp\/v2\/product_tag?post=1119"}],"curies":[{"name":"wp","href":"https:\/\/api.w.org\/{rel}","templated":true}]}}